{"id":1188,"date":"2026-02-09T22:39:18","date_gmt":"2026-02-09T22:39:18","guid":{"rendered":"https:\/\/bhiinsurance.com\/?page_id=1188"},"modified":"2026-02-16T21:04:26","modified_gmt":"2026-02-16T21:04:26","slug":"retirement-es","status":"publish","type":"page","link":"https:\/\/bhiinsurance.com\/es\/retirement-es\/","title":{"rendered":"Retirement ES"},"content":{"rendered":"<div data-elementor-type=\"wp-page\" data-elementor-id=\"1188\" class=\"elementor elementor-1188\" data-elementor-post-type=\"page\">\n\t\t\t\t<div class=\"elementor-element elementor-element-83589cf e-grid hostinger-ai-resume-2 e-con-boxed e-con e-parent\" data-id=\"83589cf\" data-element_type=\"container\" data-e-type=\"container\">\n\t\t\t\t\t<div class=\"e-con-inner\">\n\t\t<div class=\"elementor-element elementor-element-741c4c2 e-con-full e-grid e-con e-child\" data-id=\"741c4c2\" data-element_type=\"container\" data-e-type=\"container\">\n\t\t<div class=\"elementor-element elementor-element-f2b9264 e-con-full e-grid e-con e-child\" data-id=\"f2b9264\" data-element_type=\"container\" data-e-type=\"container\">\n\t\t\t\t<div class=\"elementor-element elementor-element-9f7db66 hostinger-ai-title elementor-widget elementor-widget-heading\" data-id=\"9f7db66\" data-element_type=\"widget\" data-e-type=\"widget\" data-widget_type=\"heading.default\">\n\t\t\t\t\t<h2 class=\"elementor-heading-title elementor-size-default\">Planificaci\u00f3n Financiera para la Jubilaci\u00f3n<\/h2>\t\t\t\t<\/div>\n\t\t\t\t<\/div>\n\t\t<div class=\"elementor-element elementor-element-75594f1 e-con-full e-flex e-con e-child\" data-id=\"75594f1\" data-element_type=\"container\" data-e-type=\"container\">\n\t\t\t\t<div class=\"elementor-element elementor-element-6186e7b hostinger-ai-description elementor-widget elementor-widget-text-editor\" data-id=\"6186e7b\" data-element_type=\"widget\" data-e-type=\"widget\" data-widget_type=\"text-editor.default\">\n\t\t\t\t\t\t\t\t\t<h4><span style=\"color: #339966;\"><strong>\u00bfPor qu\u00e9 es fundamental planificar la jubilaci\u00f3n?<\/strong><\/span><\/h4><p>La jubilaci\u00f3n representa una nueva etapa de la vida que requiere preparaci\u00f3n. Un plan financiero s\u00f3lido te permite:<\/p><p>Mantener tu estilo de vida cuando dejes de recibir ingresos laborales<\/p><h4><span style=\"color: #339966;\"><strong>Protegerte de gastos inesperados<\/strong><\/span><\/h4><p>Reducir el estr\u00e9s financiero para ti y tu familia.<\/p><p>Ganar confianza y control sobre tu futuro Planificar con anticipaci\u00f3n permite que tu dinero crezca y que tus decisiones tengan m\u00e1s tiempo para funcionar.<\/p><h4><span style=\"color: #339966;\"><strong>Riesgos de no tener un plan<\/strong><\/span><\/h4><p>Sin una estrategia clara, puedes enfrentar:<\/p><ul><li>Agotar tus ahorros<\/li><li>Costos crecientes de atenci\u00f3n m\u00e9dica<\/li><li>Reducci\u00f3n del poder adquisitivo por la inflaci\u00f3n<\/li><li>Volatilidad del mercado que afecta tus inversiones<\/li><li>Dependencia exclusiva del Seguro Social Un plan te ayuda a evitar estos riesgos y a mantener tu seguridad financiera.<\/li><\/ul><h4><span style=\"color: #339966;\"><strong>Elementos clave de una estrategia de jubilaci\u00f3n<\/strong><\/span><\/h4><p>Una planificaci\u00f3n integral incluye entre otras cosas:<\/p><ul><li>Protecci\u00f3n con seguros: El seguro de vida protege a tu familia y preserva tu patrimonio. El seguro de salud y coberturas adicionales te protegen de gastos m\u00e9dicos que pueden agotar tus ahorros.<\/li><li>Ingresos garantizados: Las anualidades ofrecen ingresos predecibles y de por vida, ayudando a estabilizar tu presupuesto y reducir la ansiedad por el mercado.<\/li><li>Crecimiento de inversiones: Invertir en el mercado de valores ayuda a que tu dinero crezca m\u00e1s r\u00e1pido que la inflaci\u00f3n. Los portafolios diversificados equilibran el riesgo y el crecimiento a largo plazo.<\/li><li>Planificaci\u00f3n fiscal eficiente: Usar cuentas de jubilaci\u00f3n como 401(k), IRA y Roth te ayuda a conservar m\u00e1s de lo que ganas. Retirar fondos estrat\u00e9gicamente puede reducir impuestos en la jubilaci\u00f3n.<\/li><\/ul>\t\t\t\t\t\t\t\t<\/div>\n\t\t\t\t<\/div>\n\t\t\t\t<\/div>\n\t\t<div class=\"elementor-element elementor-element-b41136e e-con-full e-grid e-con e-child\" data-id=\"b41136e\" data-element_type=\"container\" data-e-type=\"container\">\n\t\t<div class=\"elementor-element elementor-element-57ce840 e-con-full e-flex e-con e-child\" data-id=\"57ce840\" data-element_type=\"container\" data-e-type=\"container\">\n\t\t\t\t<div class=\"elementor-element elementor-element-fddd938 hostinger-ai-image hostinger-index-1 elementor-widget elementor-widget-image\" data-id=\"fddd938\" data-element_type=\"widget\" data-e-type=\"widget\" data-widget_type=\"image.default\">\n\t\t\t\t\t\t\t\t\t\t\t\t\t\t\t<img fetchpriority=\"high\" decoding=\"async\" width=\"1280\" height=\"853\" src=\"https:\/\/bhiinsurance.com\/wp-content\/uploads\/2026\/02\/insurance-broker.jpeg\" class=\"attachment-full size-full wp-image-1171\" alt=\"\" srcset=\"https:\/\/bhiinsurance.com\/wp-content\/uploads\/2026\/02\/insurance-broker.jpeg 1280w, https:\/\/bhiinsurance.com\/wp-content\/uploads\/2026\/02\/insurance-broker-300x200.jpeg 300w, https:\/\/bhiinsurance.com\/wp-content\/uploads\/2026\/02\/insurance-broker-1024x682.jpeg 1024w, https:\/\/bhiinsurance.com\/wp-content\/uploads\/2026\/02\/insurance-broker-768x512.jpeg 768w, https:\/\/bhiinsurance.com\/wp-content\/uploads\/2026\/02\/insurance-broker-18x12.jpeg 18w\" sizes=\"(max-width: 1280px) 100vw, 1280px\" \/>\t\t\t\t\t\t\t\t\t\t\t\t\t\t\t<\/div>\n\t\t\t\t<div class=\"elementor-element elementor-element-d87c32d hostinger-ai-description elementor-widget elementor-widget-text-editor\" data-id=\"d87c32d\" data-element_type=\"widget\" data-e-type=\"widget\" data-widget_type=\"text-editor.default\">\n\t\t\t\t\t\t\t\t\t<h4><span style=\"color: #339966;\"><strong>El valor de un plan financiero<\/strong><\/span><\/h4><p>Un plan de jubilaci\u00f3n es m\u00e1s que una lista de productos; es una gu\u00eda personalizada que te ayuda a:<\/p><ul><li>Establecer metas claras<\/li><li>Entender cu\u00e1nto necesitas para jubilarte c\u00f3modamente<\/li><li>Elegir la combinaci\u00f3n adecuada de seguros e inversiones<\/li><li>Ajustar tu estrategia a medida que cambian las circunstancias Cada decisi\u00f3n tiene un prop\u00f3sito y contribuye a tu bienestar futuro.<\/li><\/ul><h4><span style=\"color: #339966;\"><strong>Ventajas de trabajar con un profesional<\/strong><\/span><\/h4><p>Un asesoramiento personalizado puede:<\/p><ul><li>Identificar brechas y oportunidades<\/li><li>Dise\u00f1ar una estrateg\u00eda personalizada<\/li><li>Entender productos financieros complejos<\/li><li>Mantenerte en el camino con revisiones peri\u00f3dicas La orientaci\u00f3n profesional facilita y mejora el proceso de planificaci\u00f3n.<\/li><\/ul><h4><span style=\"color: #339966;\"><strong>El mejor momento para empezar es ahora<\/strong><\/span><\/h4><p>No importa en qu\u00e9 etapa de tu carrera est\u00e9s; un plan financiero bien dise\u00f1ado te ayuda a proteger tus ingresos, aumentar tu patrimonio y disfrutar el futuro que has trabajado para lograr.<\/p>\t\t\t\t\t\t\t\t<\/div>\n\t\t\t\t<\/div>\n\t\t\t\t<\/div>\n\t\t\t\t\t<\/div>\n\t\t\t\t<\/div>\n\t\t<div class=\"elementor-element elementor-element-036eb24 e-grid e-con-boxed e-con e-parent\" data-id=\"036eb24\" data-element_type=\"container\" data-e-type=\"container\">\n\t\t\t\t\t<div class=\"e-con-inner\">\n\t\t<div class=\"elementor-element elementor-element-12b1dcc e-grid e-con-full e-con e-child\" data-id=\"12b1dcc\" data-element_type=\"container\" data-e-type=\"container\">\n\t\t\t\t<div class=\"elementor-element elementor-element-7241451 elementor-button-info elementor-widget elementor-widget-button\" data-id=\"7241451\" data-element_type=\"widget\" data-e-type=\"widget\" data-widget_type=\"button.default\">\n\t\t\t\t\t\t\t\t\t\t<a class=\"elementor-button elementor-button-link elementor-size-sm\" href=\"\/es\/home-es\/\">\n\t\t\t\t\t\t<span class=\"elementor-button-content-wrapper\">\n\t\t\t\t\t\t<span class=\"elementor-button-icon\">\n\t\t\t\t<svg aria-hidden=\"true\" class=\"e-font-icon-svg e-fas-arrow-left\" viewbox=\"0 0 448 512\" xmlns=\"http:\/\/www.w3.org\/2000\/svg\"><path d=\"M257.5 445.1l-22.2 22.2c-9.4 9.4-24.6 9.4-33.9 0L7 273c-9.4-9.4-9.4-24.6 0-33.9L201.4 44.7c9.4-9.4 24.6-9.4 33.9 0l22.2 22.2c9.5 9.5 9.3 25-.4 34.3L136.6 216H424c13.3 0 24 10.7 24 24v32c0 13.3-10.7 24-24 24H136.6l120.5 114.8c9.8 9.3 10 24.8.4 34.3z\"><\/path><\/svg>\t\t\t<\/span>\n\t\t\t\t\t\t\t\t\t<span class=\"elementor-button-text\">Regresar al Home<\/span>\n\t\t\t\t\t<\/span>\n\t\t\t\t\t<\/a>\n\t\t\t\t\t\t\t\t<\/div>\n\t\t\t\t<\/div>\n\t\t\t\t\t<\/div>\n\t\t\t\t<\/div>\n\t\t\t\t<\/div>\n\t\t\n    <div class=\"xs_social_share_widget xs_share_url after_content \t\tmain_content  wslu-style-1 wslu-share-box-shaped wslu-fill-colored wslu-none wslu-share-horizontal wslu-theme-font-no wslu-main_content\">\n\n\t\t\n        <ul>\n\t\t\t        <\/ul>\n    <\/div>","protected":false},"excerpt":{"rendered":"<p>Planificaci\u00f3n Financiera para la Jubilaci\u00f3n \u00bfPor qu\u00e9 es fundamental planificar la jubilaci\u00f3n? La jubilaci\u00f3n representa una nueva etapa de la vida que requiere preparaci\u00f3n. Un plan financiero s\u00f3lido te permite: Mantener tu estilo de vida cuando dejes de recibir ingresos laborales Protegerte de gastos inesperados Reducir el estr\u00e9s financiero para ti y tu familia. Ganar &#8230; <a title=\"Retirement ES\" class=\"read-more\" href=\"https:\/\/bhiinsurance.com\/es\/retirement-es\/\" aria-label=\"Leer m\u00e1s sobre Retirement ES\">Leer m\u00e1s<\/a><\/p>","protected":false},"author":1,"featured_media":0,"parent":0,"menu_order":0,"comment_status":"closed","ping_status":"closed","template":"","meta":{"footnotes":""},"class_list":["post-1188","page","type-page","status-publish"],"_hostinger_reach_plugin_has_subscription_block":false,"_hostinger_reach_plugin_is_elementor":false,"_links":{"self":[{"href":"https:\/\/bhiinsurance.com\/es\/wp-json\/wp\/v2\/pages\/1188","targetHints":{"allow":["GET"]}}],"collection":[{"href":"https:\/\/bhiinsurance.com\/es\/wp-json\/wp\/v2\/pages"}],"about":[{"href":"https:\/\/bhiinsurance.com\/es\/wp-json\/wp\/v2\/types\/page"}],"author":[{"embeddable":true,"href":"https:\/\/bhiinsurance.com\/es\/wp-json\/wp\/v2\/users\/1"}],"replies":[{"embeddable":true,"href":"https:\/\/bhiinsurance.com\/es\/wp-json\/wp\/v2\/comments?post=1188"}],"version-history":[{"count":10,"href":"https:\/\/bhiinsurance.com\/es\/wp-json\/wp\/v2\/pages\/1188\/revisions"}],"predecessor-version":[{"id":1357,"href":"https:\/\/bhiinsurance.com\/es\/wp-json\/wp\/v2\/pages\/1188\/revisions\/1357"}],"wp:attachment":[{"href":"https:\/\/bhiinsurance.com\/es\/wp-json\/wp\/v2\/media?parent=1188"}],"curies":[{"name":"wp","href":"https:\/\/api.w.org\/{rel}","templated":true}]}}