{"id":1228,"date":"2026-02-10T15:18:47","date_gmt":"2026-02-10T15:18:47","guid":{"rendered":"https:\/\/bhiinsurance.com\/?page_id=1228"},"modified":"2026-02-16T21:05:48","modified_gmt":"2026-02-16T21:05:48","slug":"financial-es","status":"publish","type":"page","link":"https:\/\/bhiinsurance.com\/es\/financial-es\/","title":{"rendered":"Financial ES"},"content":{"rendered":"<div data-elementor-type=\"wp-page\" data-elementor-id=\"1228\" class=\"elementor elementor-1228\" data-elementor-post-type=\"page\">\n\t\t\t\t<div class=\"elementor-element elementor-element-36a0b95 e-grid hostinger-ai-about-us-2 e-con-boxed e-con e-parent\" data-id=\"36a0b95\" data-element_type=\"container\" data-e-type=\"container\">\n\t\t\t\t\t<div class=\"e-con-inner\">\n\t\t<div class=\"elementor-element elementor-element-f2b9264 e-con-full e-flex e-con e-child\" data-id=\"f2b9264\" data-element_type=\"container\" data-e-type=\"container\">\n\t\t\t\t<div class=\"elementor-element elementor-element-fddd938 hostinger-ai-image hostinger-index-1 elementor-widget elementor-widget-image\" data-id=\"fddd938\" data-element_type=\"widget\" data-e-type=\"widget\" data-widget_type=\"image.default\">\n\t\t\t\t\t\t\t\t\t\t\t\t\t\t\t<img decoding=\"async\" src=\"https:\/\/bhiinsurance.com\/wp-content\/uploads\/2026\/01\/smiling-couple-insurance-agent-going-through-real-estate-plans-meeting-office-focus-is-man-en-tamano-grande.jpeg\" title=\"Young couple analyzing blueprints with real estate agent in the office.\" alt=\"Smiling couple and insurance agent going through real estate plans during a meeting in the office. Focus is on man.\" loading=\"lazy\" \/>\t\t\t\t\t\t\t\t\t\t\t\t\t\t\t<\/div>\n\t\t\t\t<\/div>\n\t\t<div class=\"elementor-element elementor-element-9b3a7c8 e-con-full e-flex e-con e-child\" data-id=\"9b3a7c8\" data-element_type=\"container\" data-e-type=\"container\">\n\t\t\t\t<div class=\"elementor-element elementor-element-55645d4 hostinger-ai-image hostinger-index-1 elementor-widget elementor-widget-image\" data-id=\"55645d4\" data-element_type=\"widget\" data-e-type=\"widget\" data-widget_type=\"image.default\">\n\t\t\t\t\t\t\t\t\t\t\t\t\t\t\t<img fetchpriority=\"high\" decoding=\"async\" width=\"768\" height=\"517\" src=\"https:\/\/bhiinsurance.com\/wp-content\/uploads\/2026\/01\/woman-with-metal-suitcase-en-tamano-grande-2-e1768433276561-768x517.jpg\" class=\"attachment-medium_large size-medium_large wp-image-1032\" alt=\"\" srcset=\"https:\/\/bhiinsurance.com\/wp-content\/uploads\/2026\/01\/woman-with-metal-suitcase-en-tamano-grande-2-e1768433276561-768x517.jpg 768w, https:\/\/bhiinsurance.com\/wp-content\/uploads\/2026\/01\/woman-with-metal-suitcase-en-tamano-grande-2-e1768433276561-300x202.jpg 300w, https:\/\/bhiinsurance.com\/wp-content\/uploads\/2026\/01\/woman-with-metal-suitcase-en-tamano-grande-2-e1768433276561-1024x690.jpg 1024w, https:\/\/bhiinsurance.com\/wp-content\/uploads\/2026\/01\/woman-with-metal-suitcase-en-tamano-grande-2-e1768433276561-18x12.jpg 18w, https:\/\/bhiinsurance.com\/wp-content\/uploads\/2026\/01\/woman-with-metal-suitcase-en-tamano-grande-2-e1768433276561.jpg 1280w\" sizes=\"(max-width: 768px) 100vw, 768px\" \/>\t\t\t\t\t\t\t\t\t\t\t\t\t\t\t<\/div>\n\t\t\t\t<\/div>\n\t\t\t\t\t<\/div>\n\t\t\t\t<\/div>\n\t\t<div class=\"elementor-element elementor-element-83589cf e-grid hostinger-ai-resume-2 e-con-boxed e-con e-parent\" data-id=\"83589cf\" data-element_type=\"container\" data-e-type=\"container\">\n\t\t\t\t\t<div class=\"e-con-inner\">\n\t\t<div class=\"elementor-element elementor-element-741c4c2 e-con-full e-grid e-con e-child\" data-id=\"741c4c2\" data-element_type=\"container\" data-e-type=\"container\">\n\t\t\t\t<div class=\"elementor-element elementor-element-58509ed hostinger-ai-title elementor-widget elementor-widget-heading\" data-id=\"58509ed\" data-element_type=\"widget\" data-e-type=\"widget\" data-widget_type=\"heading.default\">\n\t\t\t\t\t<h2 class=\"elementor-heading-title elementor-size-default\">Oportunidad<\/h2>\t\t\t\t<\/div>\n\t\t<div class=\"elementor-element elementor-element-75594f1 e-con-full e-flex e-con e-child\" data-id=\"75594f1\" data-element_type=\"container\" data-e-type=\"container\">\n\t\t\t\t<div class=\"elementor-element elementor-element-6186e7b hostinger-ai-description elementor-widget elementor-widget-text-editor\" data-id=\"6186e7b\" data-element_type=\"widget\" data-e-type=\"widget\" data-widget_type=\"text-editor.default\">\n\t\t\t\t\t\t\t\t\t<h4><span style=\"color: #339966;\"><strong>BHI: Transformando tu Deseo en una Oportunidad Real<\/strong><\/span><\/h4><p>Bright Horizon Insurance te gu\u00eda por un camino claro y accesible hacia el sector de seguros de vida y salud y, como resultado, hacia la industria financiera \u2014 incluso si comienzas sin experiencia previa. Ofrecemos capacitaci\u00f3n profesional en ventas, apoyo bilingue con escenarios pr\u00e1cticos y mentor\u00eda dedicada para ayudarte a ganar confianza desde el primer d\u00eda.<\/p><h4><span style=\"color: #339966;\"><strong>Obt\u00e9n tu Licencia Estatal de Seguros y Da el Paso hacia una Oportunidad Real<\/strong><\/span><\/h4><p>Caminamos contigo en cada paso del proceso para obtener tu licencia, abri\u00e9ndote la puerta a una profesi\u00f3n respetada donde tu esfuerzo realmente se refleja en tus resultados. Este camino exige dedicaci\u00f3n, autodisciplina y un aut\u00e9ntico deseo de crecer; y cuando traes esa determinaci\u00f3n, el material de estudio se convierte en tu mapa hacia una carrera <strong>estable, s\u00f3lida y altamente recompensada<\/strong>. Tu futuro se construye con las decisiones que tomas hoy, y esta es tu oportunidad de entrar en una profesi\u00f3n que puede transformar tu vida.<\/p><h4><span style=\"color: #339966;\"><strong>Autonom\u00eda y Respaldo<\/strong><\/span><\/h4><p>Construye tu propio negocio y convi\u00e9rtete en un profesional independiente, mientras te beneficias de un equipo colaborativo y de sistemas comprobados que impulsan tu \u00e9xito. Nuestro equipo te guiar\u00e1 durante todo el proceso de aprendizaje, ayud\u00e1ndote a comprender los seguros de vida, las anualidades y c\u00f3mo comercializar diferentes productos en distintos mercados y comunidades.<\/p><h4><span style=\"color: #339966;\"><strong>Oportunidades de crecimiento en el sector financiero<\/strong><\/span><\/h4><p>Los seguros de vida y de salud, la planificaci\u00f3n para el retiro, la protecci\u00f3n de ingresos y la creaci\u00f3n de patrimonio son solo el comienzo. Con la educaci\u00f3n adecuada, puedes seguir creciendo, ampliar tus conocimientos y avanzar a nuevos niveles dentro de la industria financiera. Tu potencial no tiene l\u00edmites: mientras m\u00e1s aprendes, m\u00e1s lejos puedes llegar. El crecimiento de tus habilidades abre nuevas oportunidades y aumenta tu potencial de ingresos.<\/p><h4><span style=\"color: #339966;\"><strong>Incentivos &amp; Oportunidades de Crecer<\/strong><\/span><\/h4><p>Recibe comisiones competitivas, bonos, incentivos y oportunidades de liderazgo, mientras construyes tu propio equipo \u2014 tu esfuerzo es lo que impulsa tu \u00e9xito. Durante el entrenamiento, conservas el <strong>100% de tus comisiones<\/strong> y nunca tendr\u00e1s que entregar tu mercado c\u00e1lido. Lo que produces es completamente tuyo.<\/p><p>Transforme la vida de cada familia a la que ayude. En BHI, usted se convierte en un gu\u00eda de confianza, brindando seguridad y tranquilidad.<\/p><p>\u00bfEst\u00e1 listo para hacer crecer su carrera?<\/p>\t\t\t\t\t\t\t\t<\/div>\n\t\t\t\t<\/div>\n\t\t\t\t<\/div>\n\t\t<div class=\"elementor-element elementor-element-7c2d368 e-con-full e-flex e-con e-child\" data-id=\"7c2d368\" data-element_type=\"container\" data-e-type=\"container\" data-settings=\"{&quot;background_background&quot;:&quot;classic&quot;}\">\n\t\t<div class=\"elementor-element elementor-element-15ed702 e-con-full e-flex e-con e-child\" data-id=\"15ed702\" data-element_type=\"container\" data-e-type=\"container\">\n\t\t\t\t<div class=\"elementor-element elementor-element-84a1dde hostinger-ai-title elementor-widget elementor-widget-heading\" data-id=\"84a1dde\" data-element_type=\"widget\" data-e-type=\"widget\" data-widget_type=\"heading.default\">\n\t\t\t\t\t<h2 class=\"elementor-heading-title elementor-size-default\">Asegura tu futuro hoy<\/h2>\t\t\t\t<\/div>\n\t\t\t\t<div class=\"elementor-element elementor-element-5536e44 elementor-widget__width-initial hostinger-ai-description elementor-widget elementor-widget-text-editor\" data-id=\"5536e44\" data-element_type=\"widget\" data-e-type=\"widget\" data-widget_type=\"text-editor.default\">\n\t\t\t\t\t\t\t\t\t<p>Si es ambicioso y tiene ganas de aprender, \u00fanase a nosotros hoy mismo.<\/p>\t\t\t\t\t\t\t\t<\/div>\n\t\t\t\t<div class=\"elementor-element elementor-element-51d198f hostinger-ai-cta-button hostinger-index-0 elementor-widget elementor-widget-button\" data-id=\"51d198f\" data-element_type=\"widget\" data-e-type=\"widget\" data-widget_type=\"button.default\">\n\t\t\t\t\t\t\t\t\t\t<a class=\"elementor-button elementor-button-link elementor-size-sm\" href=\"\/es\/contact-2\/\">\n\t\t\t\t\t\t<span class=\"elementor-button-content-wrapper\">\n\t\t\t\t\t\t\t\t\t<span class=\"elementor-button-text\">Contactanos<\/span>\n\t\t\t\t\t<\/span>\n\t\t\t\t\t<\/a>\n\t\t\t\t\t\t\t\t<\/div>\n\t\t\t\t<\/div>\n\t\t\t\t<\/div>\n\t\t<div class=\"elementor-element elementor-element-ba3f8a5 e-grid e-con-full e-con e-child\" data-id=\"ba3f8a5\" data-element_type=\"container\" data-e-type=\"container\">\n\t\t<div class=\"elementor-element elementor-element-050180a e-grid e-con-full e-con e-child\" data-id=\"050180a\" data-element_type=\"container\" data-e-type=\"container\">\n\t\t\t\t<div class=\"elementor-element elementor-element-c9744af elementor-button-info elementor-widget elementor-widget-button\" data-id=\"c9744af\" data-element_type=\"widget\" data-e-type=\"widget\" data-widget_type=\"button.default\">\n\t\t\t\t\t\t\t\t\t\t<a class=\"elementor-button elementor-button-link elementor-size-sm\" href=\"\/es\/home-es\/\">\n\t\t\t\t\t\t<span class=\"elementor-button-content-wrapper\">\n\t\t\t\t\t\t<span class=\"elementor-button-icon\">\n\t\t\t\t<svg aria-hidden=\"true\" class=\"e-font-icon-svg e-fas-arrow-left\" viewbox=\"0 0 448 512\" xmlns=\"http:\/\/www.w3.org\/2000\/svg\"><path d=\"M257.5 445.1l-22.2 22.2c-9.4 9.4-24.6 9.4-33.9 0L7 273c-9.4-9.4-9.4-24.6 0-33.9L201.4 44.7c9.4-9.4 24.6-9.4 33.9 0l22.2 22.2c9.5 9.5 9.3 25-.4 34.3L136.6 216H424c13.3 0 24 10.7 24 24v32c0 13.3-10.7 24-24 24H136.6l120.5 114.8c9.8 9.3 10 24.8.4 34.3z\"><\/path><\/svg>\t\t\t<\/span>\n\t\t\t\t\t\t\t\t\t<span class=\"elementor-button-text\">Regresar al Home<\/span>\n\t\t\t\t\t<\/span>\n\t\t\t\t\t<\/a>\n\t\t\t\t\t\t\t\t<\/div>\n\t\t\t\t<\/div>\n\t\t\t\t<\/div>\n\t\t\t\t\t<\/div>\n\t\t\t\t<\/div>\n\t\t\t\t<\/div>\n\t\t\n    <div class=\"xs_social_share_widget xs_share_url after_content \t\tmain_content  wslu-style-1 wslu-share-box-shaped wslu-fill-colored wslu-none wslu-share-horizontal wslu-theme-font-no wslu-main_content\">\n\n\t\t\n        <ul>\n\t\t\t        <\/ul>\n    <\/div>","protected":false},"excerpt":{"rendered":"<p>Oportunidad BHI: Transformando tu Deseo en una Oportunidad Real Bright Horizon Insurance te gu\u00eda por un camino claro y accesible hacia el sector de seguros de vida y salud y, como resultado, hacia la industria financiera \u2014 incluso si comienzas sin experiencia previa. Ofrecemos capacitaci\u00f3n profesional en ventas, apoyo bilingue con escenarios pr\u00e1cticos y mentor\u00eda &#8230; <a title=\"Financial ES\" class=\"read-more\" href=\"https:\/\/bhiinsurance.com\/es\/financial-es\/\" aria-label=\"Leer m\u00e1s sobre Financial ES\">Leer m\u00e1s<\/a><\/p>","protected":false},"author":1,"featured_media":0,"parent":0,"menu_order":0,"comment_status":"closed","ping_status":"closed","template":"","meta":{"footnotes":""},"class_list":["post-1228","page","type-page","status-publish"],"_hostinger_reach_plugin_has_subscription_block":false,"_hostinger_reach_plugin_is_elementor":false,"_links":{"self":[{"href":"https:\/\/bhiinsurance.com\/es\/wp-json\/wp\/v2\/pages\/1228","targetHints":{"allow":["GET"]}}],"collection":[{"href":"https:\/\/bhiinsurance.com\/es\/wp-json\/wp\/v2\/pages"}],"about":[{"href":"https:\/\/bhiinsurance.com\/es\/wp-json\/wp\/v2\/types\/page"}],"author":[{"embeddable":true,"href":"https:\/\/bhiinsurance.com\/es\/wp-json\/wp\/v2\/users\/1"}],"replies":[{"embeddable":true,"href":"https:\/\/bhiinsurance.com\/es\/wp-json\/wp\/v2\/comments?post=1228"}],"version-history":[{"count":13,"href":"https:\/\/bhiinsurance.com\/es\/wp-json\/wp\/v2\/pages\/1228\/revisions"}],"predecessor-version":[{"id":1360,"href":"https:\/\/bhiinsurance.com\/es\/wp-json\/wp\/v2\/pages\/1228\/revisions\/1360"}],"wp:attachment":[{"href":"https:\/\/bhiinsurance.com\/es\/wp-json\/wp\/v2\/media?parent=1228"}],"curies":[{"name":"wp","href":"https:\/\/api.w.org\/{rel}","templated":true}]}}