{"id":1381,"date":"2026-02-18T21:30:28","date_gmt":"2026-02-18T21:30:28","guid":{"rendered":"https:\/\/bhiinsurance.com\/?page_id=1381"},"modified":"2026-02-18T21:35:34","modified_gmt":"2026-02-18T21:35:34","slug":"stock-es","status":"publish","type":"page","link":"https:\/\/bhiinsurance.com\/es\/stock-es\/","title":{"rendered":"Stock-ES"},"content":{"rendered":"<div data-elementor-type=\"wp-page\" data-elementor-id=\"1381\" class=\"elementor elementor-1381\" data-elementor-post-type=\"page\">\n\t\t\t\t<div class=\"elementor-element elementor-element-83589cf e-grid hostinger-ai-resume-2 e-con-boxed e-con e-parent\" data-id=\"83589cf\" data-element_type=\"container\" data-e-type=\"container\">\n\t\t\t\t\t<div class=\"e-con-inner\">\n\t\t<div class=\"elementor-element elementor-element-741c4c2 e-con-full e-flex e-con e-child\" data-id=\"741c4c2\" data-element_type=\"container\" data-e-type=\"container\">\n\t\t<div class=\"elementor-element elementor-element-f2b9264 e-con-full e-grid e-con e-child\" data-id=\"f2b9264\" data-element_type=\"container\" data-e-type=\"container\">\n\t\t\t\t<div class=\"elementor-element elementor-element-9f7db66 hostinger-ai-title elementor-widget elementor-widget-heading\" data-id=\"9f7db66\" data-element_type=\"widget\" data-e-type=\"widget\" data-widget_type=\"heading.default\">\n\t\t\t\t\t<h2 class=\"elementor-heading-title elementor-size-default\">Stock Market Education<\/h2>\t\t\t\t<\/div>\n\t\t\t\t<\/div>\n\t\t\t\t<div class=\"elementor-element elementor-element-fddd938 hostinger-ai-image hostinger-index-1 elementor-widget elementor-widget-image\" data-id=\"fddd938\" data-element_type=\"widget\" data-e-type=\"widget\" data-widget_type=\"image.default\">\n\t\t\t\t\t\t\t\t\t\t\t\t\t\t\t<img fetchpriority=\"high\" decoding=\"async\" width=\"1280\" height=\"855\" src=\"https:\/\/bhiinsurance.com\/wp-content\/uploads\/2026\/02\/Group-58.jpeg\" class=\"attachment-full size-full wp-image-1377\" alt=\"\" srcset=\"https:\/\/bhiinsurance.com\/wp-content\/uploads\/2026\/02\/Group-58.jpeg 1280w, https:\/\/bhiinsurance.com\/wp-content\/uploads\/2026\/02\/Group-58-300x200.jpeg 300w, https:\/\/bhiinsurance.com\/wp-content\/uploads\/2026\/02\/Group-58-1024x684.jpeg 1024w, https:\/\/bhiinsurance.com\/wp-content\/uploads\/2026\/02\/Group-58-768x513.jpeg 768w, https:\/\/bhiinsurance.com\/wp-content\/uploads\/2026\/02\/Group-58-18x12.jpeg 18w\" sizes=\"(max-width: 1280px) 100vw, 1280px\" \/>\t\t\t\t\t\t\t\t\t\t\t\t\t\t\t<\/div>\n\t\t<div class=\"elementor-element elementor-element-75594f1 e-con-full e-flex e-con e-child\" data-id=\"75594f1\" data-element_type=\"container\" data-e-type=\"container\">\n\t\t\t\t<div class=\"elementor-element elementor-element-6186e7b hostinger-ai-description elementor-widget elementor-widget-text-editor\" data-id=\"6186e7b\" data-element_type=\"widget\" data-e-type=\"widget\" data-widget_type=\"text-editor.default\">\n\t\t\t\t\t\t\t\t\t<p>Invertir en el mercado de valores se basa en la estrategia, la disciplina y la toma de decisiones informadas, m\u00e1s que en la especulaci\u00f3n. Permite a las personas acumular riqueza, perseguir objetivos financieros y comprender las tendencias econ\u00f3micas. (Texto para la p\u00e1gina de servicios)<\/p><p>La inversi\u00f3n en el mercado de valores es una disciplina que requiere un conocimiento integral de diversos factores econ\u00f3micos, as\u00ed como de los comportamientos de las principales corporaciones e Inversionistas. Al estudiar la inversi\u00f3n en acciones, las personas adquieren conocimientos no solo sobre acciones, sino tambi\u00e9n sobre opciones y otros instrumentos negociables.<\/p><p>Los Inversionistas pueden beneficiarse en varias \u00e1reas :<\/p>\t\t\t\t\t\t\t\t<\/div>\n\t\t\t\t<\/div>\n\t\t\t\t<\/div>\n\t\t<div class=\"elementor-element elementor-element-b41136e e-con-full e-grid e-con e-child\" data-id=\"b41136e\" data-element_type=\"container\" data-e-type=\"container\">\n\t\t<div class=\"elementor-element elementor-element-57ce840 e-con-full e-flex e-con e-child\" data-id=\"57ce840\" data-element_type=\"container\" data-e-type=\"container\">\n\t\t\t\t<div class=\"elementor-element elementor-element-d87c32d hostinger-ai-description elementor-widget elementor-widget-text-editor\" data-id=\"d87c32d\" data-element_type=\"widget\" data-e-type=\"widget\" data-widget_type=\"text-editor.default\">\n\t\t\t\t\t\t\t\t\t<ul><li><strong>Creaci\u00f3n de riqueza y crecimiento financiero:<\/strong> El mercado de valores ha proporcionado hist\u00f3ricamente rendimientos promedio anuales del 7\u201310% despu\u00e9s de la inflaci\u00f3n, superando a las cuentas de ahorro y los bonos. Invertir es una forma clave de construir riqueza y alcanzar la independencia financiera.<\/li><li><strong>Logro de metas financieras:<\/strong> Invertir en acciones puede ayudar a alcanzar objetivos a largo plazo como la jubilaci\u00f3n, la compra de una vivienda o la financiaci\u00f3n de la educaci\u00f3n. Conocer sobre el riesgo y la diversificaci\u00f3n ayuda a que tu portafolio cumpla esos objetivos.<\/li><li><strong>Tomar decisiones informadas:<\/strong> La falta de conocimiento puede llevar a los Inversionistas a realizar operaciones especulativas o impulsadas por emociones. Desarrollar una comprensi\u00f3n del an\u00e1lisis fundamental \u2014incluyendo la evaluaci\u00f3n de empresas, balances y patrones de oferta\/demanda\u2014 as\u00ed como herramientas de an\u00e1lisis t\u00e9cnico, puede ayudar a minimizar errores costosos.<\/li><li><strong>Diversificaci\u00f3n y gesti\u00f3n de riesgos:<\/strong> Invertir en acciones permite diversificar entre diferentes industrias y regiones geogr\u00e1ficas, lo que ayuda a mitigar el riesgo. Mantener un portafolio diversificado favorece rendimientos consistentes y ofrece protecci\u00f3n ante ca\u00eddas del mercado.<\/li><li><strong>Comprender la econom\u00eda:<\/strong> El mercado de valores refleja patrones econ\u00f3micos m\u00e1s amplios. Entender su funcionamiento puede ayudarte a comprender mejor los ciclos empresariales, las acciones de los consumidores y los desarrollos mundiales.<\/li><li><strong>Oportunidades profesionales y empresariales:<\/strong> El conocimiento sobre inversiones abre puertas a carreras en finanzas, asesor\u00eda o emprendimiento, y permite a los empresarios navegar los mercados de capital y opciones de financiamiento.<\/li><li><strong>Disciplina psicol\u00f3gica:<\/strong> Invertir fomenta la paciencia, la tolerancia al riesgo y el control emocional para el crecimiento financiero y personal.<\/li><\/ul>\t\t\t\t\t\t\t\t<\/div>\n\t\t\t\t<\/div>\n\t\t\t\t<\/div>\n\t\t\t\t\t<\/div>\n\t\t\t\t<\/div>\n\t\t<div class=\"elementor-element elementor-element-862cd82 e-grid e-con-boxed e-con e-parent\" data-id=\"862cd82\" data-element_type=\"container\" data-e-type=\"container\">\n\t\t\t\t\t<div class=\"e-con-inner\">\n\t\t<div class=\"elementor-element elementor-element-c96a329 e-grid e-con-full e-con e-child\" data-id=\"c96a329\" data-element_type=\"container\" data-e-type=\"container\">\n\t\t<div class=\"elementor-element elementor-element-e44eab3 e-grid e-con-full e-con e-child\" data-id=\"e44eab3\" data-element_type=\"container\" data-e-type=\"container\">\n\t\t\t\t<div class=\"elementor-element elementor-element-9481550 elementor-button-info elementor-widget elementor-widget-button\" data-id=\"9481550\" data-element_type=\"widget\" data-e-type=\"widget\" data-widget_type=\"button.default\">\n\t\t\t\t\t\t\t\t\t\t<a class=\"elementor-button elementor-button-link elementor-size-sm\" href=\"\/es\/home-es\/\">\n\t\t\t\t\t\t<span class=\"elementor-button-content-wrapper\">\n\t\t\t\t\t\t<span class=\"elementor-button-icon\">\n\t\t\t\t<svg aria-hidden=\"true\" class=\"e-font-icon-svg e-fas-arrow-left\" viewbox=\"0 0 448 512\" xmlns=\"http:\/\/www.w3.org\/2000\/svg\"><path d=\"M257.5 445.1l-22.2 22.2c-9.4 9.4-24.6 9.4-33.9 0L7 273c-9.4-9.4-9.4-24.6 0-33.9L201.4 44.7c9.4-9.4 24.6-9.4 33.9 0l22.2 22.2c9.5 9.5 9.3 25-.4 34.3L136.6 216H424c13.3 0 24 10.7 24 24v32c0 13.3-10.7 24-24 24H136.6l120.5 114.8c9.8 9.3 10 24.8.4 34.3z\"><\/path><\/svg>\t\t\t<\/span>\n\t\t\t\t\t\t\t\t\t<span class=\"elementor-button-text\">Back to Home<\/span>\n\t\t\t\t\t<\/span>\n\t\t\t\t\t<\/a>\n\t\t\t\t\t\t\t\t<\/div>\n\t\t\t\t<\/div>\n\t\t\t\t<\/div>\n\t\t\t\t\t<\/div>\n\t\t\t\t<\/div>\n\t\t\t\t<\/div>\n\t\t\n    <div class=\"xs_social_share_widget xs_share_url after_content \t\tmain_content  wslu-style-1 wslu-share-box-shaped wslu-fill-colored wslu-none wslu-share-horizontal wslu-theme-font-no wslu-main_content\">\n\n\t\t\n        <ul>\n\t\t\t        <\/ul>\n    <\/div>","protected":false},"excerpt":{"rendered":"<p>Stock Market Education Invertir en el mercado de valores se basa en la estrategia, la disciplina y la toma de decisiones informadas, m\u00e1s que en la especulaci\u00f3n. Permite a las personas acumular riqueza, perseguir objetivos financieros y comprender las tendencias econ\u00f3micas. (Texto para la p\u00e1gina de servicios) La inversi\u00f3n en el mercado de valores es &#8230; <a title=\"Stock-ES\" class=\"read-more\" href=\"https:\/\/bhiinsurance.com\/es\/stock-es\/\" aria-label=\"Leer m\u00e1s sobre Stock-ES\">Leer m\u00e1s<\/a><\/p>","protected":false},"author":1,"featured_media":0,"parent":0,"menu_order":0,"comment_status":"closed","ping_status":"closed","template":"","meta":{"footnotes":""},"class_list":["post-1381","page","type-page","status-publish"],"_hostinger_reach_plugin_has_subscription_block":false,"_hostinger_reach_plugin_is_elementor":false,"_links":{"self":[{"href":"https:\/\/bhiinsurance.com\/es\/wp-json\/wp\/v2\/pages\/1381","targetHints":{"allow":["GET"]}}],"collection":[{"href":"https:\/\/bhiinsurance.com\/es\/wp-json\/wp\/v2\/pages"}],"about":[{"href":"https:\/\/bhiinsurance.com\/es\/wp-json\/wp\/v2\/types\/page"}],"author":[{"embeddable":true,"href":"https:\/\/bhiinsurance.com\/es\/wp-json\/wp\/v2\/users\/1"}],"replies":[{"embeddable":true,"href":"https:\/\/bhiinsurance.com\/es\/wp-json\/wp\/v2\/comments?post=1381"}],"version-history":[{"count":10,"href":"https:\/\/bhiinsurance.com\/es\/wp-json\/wp\/v2\/pages\/1381\/revisions"}],"predecessor-version":[{"id":1397,"href":"https:\/\/bhiinsurance.com\/es\/wp-json\/wp\/v2\/pages\/1381\/revisions\/1397"}],"wp:attachment":[{"href":"https:\/\/bhiinsurance.com\/es\/wp-json\/wp\/v2\/media?parent=1381"}],"curies":[{"name":"wp","href":"https:\/\/api.w.org\/{rel}","templated":true}]}}