{"id":711,"date":"2025-12-16T21:48:33","date_gmt":"2025-12-16T21:48:33","guid":{"rendered":"https:\/\/bhiinsurance.com\/?page_id=711"},"modified":"2026-02-16T21:09:15","modified_gmt":"2026-02-16T21:09:15","slug":"about-2","status":"publish","type":"page","link":"https:\/\/bhiinsurance.com\/es\/about-2\/","title":{"rendered":"Sobre BHI-ES"},"content":{"rendered":"<div data-elementor-type=\"wp-page\" data-elementor-id=\"711\" class=\"elementor elementor-711\" data-elementor-post-type=\"page\">\n\t\t\t\t<div class=\"elementor-element elementor-element-36a0b95 e-grid hostinger-ai-about-us-2 e-con-boxed e-con e-parent\" data-id=\"36a0b95\" data-element_type=\"container\" data-e-type=\"container\">\n\t\t\t\t\t<div class=\"e-con-inner\">\n\t\t<div class=\"elementor-element elementor-element-f2b9264 e-con-full e-flex e-con e-child\" data-id=\"f2b9264\" data-element_type=\"container\" data-e-type=\"container\">\n\t\t\t\t<div class=\"elementor-element elementor-element-fddd938 hostinger-ai-image hostinger-index-1 elementor-widget elementor-widget-image\" data-id=\"fddd938\" data-element_type=\"widget\" data-e-type=\"widget\" data-widget_type=\"image.default\">\n\t\t\t\t\t\t\t\t\t\t\t\t\t\t\t<img fetchpriority=\"high\" decoding=\"async\" width=\"2420\" height=\"1614\" src=\"https:\/\/bhiinsurance.com\/wp-content\/uploads\/2025\/11\/about-BHI.jpg\" class=\"attachment-full size-full wp-image-372\" alt=\"\" srcset=\"https:\/\/bhiinsurance.com\/wp-content\/uploads\/2025\/11\/about-BHI.jpg 2420w, https:\/\/bhiinsurance.com\/wp-content\/uploads\/2025\/11\/about-BHI-300x200.jpg 300w, https:\/\/bhiinsurance.com\/wp-content\/uploads\/2025\/11\/about-BHI-1024x683.jpg 1024w, https:\/\/bhiinsurance.com\/wp-content\/uploads\/2025\/11\/about-BHI-768x512.jpg 768w, https:\/\/bhiinsurance.com\/wp-content\/uploads\/2025\/11\/about-BHI-1536x1024.jpg 1536w, https:\/\/bhiinsurance.com\/wp-content\/uploads\/2025\/11\/about-BHI-2048x1366.jpg 2048w, https:\/\/bhiinsurance.com\/wp-content\/uploads\/2025\/11\/about-BHI-18x12.jpg 18w\" sizes=\"(max-width: 2420px) 100vw, 2420px\" \/>\t\t\t\t\t\t\t\t\t\t\t\t\t\t\t<\/div>\n\t\t\t\t<\/div>\n\t\t<div class=\"elementor-element elementor-element-9b3a7c8 e-con-full e-flex e-con e-child\" data-id=\"9b3a7c8\" data-element_type=\"container\" data-e-type=\"container\">\n\t\t\t\t<div class=\"elementor-element elementor-element-9f7db66 hostinger-ai-title elementor-widget elementor-widget-heading\" data-id=\"9f7db66\" data-element_type=\"widget\" data-e-type=\"widget\" data-widget_type=\"heading.default\">\n\t\t\t\t\t<h2 class=\"elementor-heading-title elementor-size-default\">Acerca de Bright Horizon Insurance \u2013 BHI<\/h2>\t\t\t\t<\/div>\n\t\t\t\t<div class=\"elementor-element elementor-element-1de8563 hostinger-ai-description elementor-widget elementor-widget-text-editor\" data-id=\"1de8563\" data-element_type=\"widget\" data-e-type=\"widget\" data-widget_type=\"text-editor.default\">\n\t\t\t\t\t\t\t\t\tEn Bright Horizon Insurance, empoderamos a las personas mediante una orientaci\u00f3n clara y educaci\u00f3n financiera en ingl\u00e9s y espa\u00f1ol. Simplificamos las decisiones sobre seguros de vida y salud con integridad, sensibilidad cultural y un servicio personalizado, ayudando a nuestros clientes a proteger lo que m\u00e1s importa y a construir un legado con confianza.\t\t\t\t\t\t\t\t<\/div>\n\t\t\t\t<\/div>\n\t\t\t\t\t<\/div>\n\t\t\t\t<\/div>\n\t\t<div class=\"elementor-element elementor-element-83589cf e-grid hostinger-ai-resume-2 e-con-boxed e-con e-parent\" data-id=\"83589cf\" data-element_type=\"container\" data-e-type=\"container\">\n\t\t\t\t\t<div class=\"e-con-inner\">\n\t\t<div class=\"elementor-element elementor-element-741c4c2 e-con-full e-grid e-con e-child\" data-id=\"741c4c2\" data-element_type=\"container\" data-e-type=\"container\">\n\t\t\t\t<div class=\"elementor-element elementor-element-58509ed hostinger-ai-title elementor-widget elementor-widget-heading\" data-id=\"58509ed\" data-element_type=\"widget\" data-e-type=\"widget\" data-widget_type=\"heading.default\">\n\t\t\t\t\t<h2 class=\"elementor-heading-title elementor-size-default\">Nuestros Principios Gu\u00edas<\/h2>\t\t\t\t<\/div>\n\t\t<div class=\"elementor-element elementor-element-75594f1 e-con-full e-flex e-con e-child\" data-id=\"75594f1\" data-element_type=\"container\" data-e-type=\"container\">\n\t\t\t\t<div class=\"elementor-element elementor-element-6186e7b hostinger-ai-description elementor-widget elementor-widget-text-editor\" data-id=\"6186e7b\" data-element_type=\"widget\" data-e-type=\"widget\" data-widget_type=\"text-editor.default\">\n\t\t\t\t\t\t\t\t\t<p><strong>Claridad con honestidad<\/strong><\/p><p>\u00a0Facilitamos decisiones financieras a nuestros clientes con empat\u00eda y respeto, simplificando sus opciones y reflejando sus objetivos en cada an\u00e1lisis.<\/p><p><strong>La Educaci\u00f3n como Empoderamiento<\/strong><\/p><p>Creemos que el conocimiento es poder. Por eso ofrecemos informaci\u00f3n y recursos en ingl\u00e9s y espa\u00f1ol, asegurando accesibilidad para todos. Nuestro enfoque biling\u00fce permite que la educaci\u00f3n financiera llegue a una comunidad m\u00e1s amplia, empoderando a los clientes para tomar decisiones con la informaci\u00f3n adecuada.<\/p><p><strong>Integridad en Cada Interacci\u00f3n<\/strong><\/p><p>\u00a0La confianza est\u00e1 en el coraz\u00f3n de lo que hacemos. Fomentamos relaciones s\u00f3lidas con los clientes manteniendo la honestidad, transparencia y coherencia en cada interacci\u00f3n. Nuestros clientes pueden confiar en que siempre actuaremos con sus objetivos en mente.<\/p><p><strong>Conexi\u00f3n Cultural<\/strong><\/p><p>\u00a0Honramos y respetamos los diversos or\u00edgenes de nuestros clientes. Al comunicarnos con sensibilidad cultural, aseguramos que cada cliente se sienta valorado y respetado, lo que nos permite atender las necesidades \u00fanicas de cada persona y familia.<\/p><p><strong>Planificaci\u00f3n Orientada al Legado<\/strong><\/p><p>\u00a0Ayudamos a las familias a asegurar su futuro mediante una orientaci\u00f3n cuidadosa y con prop\u00f3sito. Nuestro enfoque de planificaci\u00f3n est\u00e1 dise\u00f1ado para proteger lo que m\u00e1s importa y brindar tranquilidad a nuestros clientes de que est\u00e1n protegiendo a sus generaciones venideras.<\/p><p><strong>Servicio Centrado en el Cliente<\/strong><\/p><p>\u00a0Nuestros clientes est\u00e1n en el centro de todo lo que hacemos. Escuchamos sus necesidades, adaptamos nuestras soluciones y brindamos apoyo dedicado, asegurando que cada persona reciba un servicio personalizado acorde a sus metas y circunstancias. Ofrecemos orientaci\u00f3n clara y personalizada sobre Medicare, planes ACA, seguros de vida e inversiones en anualidades, respondiendo a tus necesidades con integridad.<\/p>\t\t\t\t\t\t\t\t<\/div>\n\t\t\t\t<\/div>\n\t\t\t\t<\/div>\n\t\t<div class=\"elementor-element elementor-element-b41136e e-con-full e-grid e-con e-child\" data-id=\"b41136e\" data-element_type=\"container\" data-e-type=\"container\">\n\t\t\t\t<div class=\"elementor-element elementor-element-e1f7342 hostinger-ai-title elementor-widget elementor-widget-heading\" data-id=\"e1f7342\" data-element_type=\"widget\" data-e-type=\"widget\" data-widget_type=\"heading.default\">\n\t\t\t\t\t<h2 class=\"elementor-heading-title elementor-size-default\">Porqu\u00e9 la Educaci\u00f3n Financiera es Esencial<\/h2>\t\t\t\t<\/div>\n\t\t<div class=\"elementor-element elementor-element-57ce840 e-con-full e-flex e-con e-child\" data-id=\"57ce840\" data-element_type=\"container\" data-e-type=\"container\">\n\t\t\t\t<div class=\"elementor-element elementor-element-d87c32d hostinger-ai-description elementor-widget elementor-widget-text-editor\" data-id=\"d87c32d\" data-element_type=\"widget\" data-e-type=\"widget\" data-widget_type=\"text-editor.default\">\n\t\t\t\t\t\t\t\t\t<p>La educaci\u00f3n financiera es la base del empoderamiento personal, permitiendo a las personas tomar decisiones informadas y seguras que impactan cada etapa de sus vidas. La importancia de la educaci\u00f3n financiera se refleja en varios aspectos clave<\/p><p><strong>Mejorar el Bienestar Financiero<\/strong><\/p><p>Comprender el presupuesto, el ahorro y la gesti\u00f3n de deudas ayuda a evitar el estr\u00e9s financiero innecesario. Al dominar estos fundamentos, las personas pueden establecer estabilidad y seguridad financiera a largo plazo<\/p><p><strong>Prevenir Errores Costosos<\/strong><\/p><p>Quienes poseen alfabetizaci\u00f3n financiera est\u00e1n mejor preparados para evitar errores comunes como acumular deudas de alto inter\u00e9s, tomar malas decisiones de inversi\u00f3n o estar insuficientemente asegurados. Este conocimiento protege su futuro financiero,<\/p><p><strong>Construir Riqueza Temprano<\/strong><\/p><p>Desarrollar h\u00e1bitos financieros saludables\u2014como ahorrar e invertir\u2014desde una edad temprana permite una mayor acumulaci\u00f3n de riqueza con el tiempo. El poder del inter\u00e9s compuesto recompensa a quienes act\u00faan de manera temprana y constante.<\/p><p><strong>Apoyar la Planificaci\u00f3n para la Jubilaci\u00f3n<\/strong><\/p><p>La educaci\u00f3n financiera brinda claridad sobre opciones esenciales de jubilaci\u00f3n, incluyendo 401(k), IRA y anualidades. Con este conocimiento, las personas est\u00e1n mejor preparadas para planificar y disfrutar de una jubilaci\u00f3n segura.<\/p><p><strong>Fortalecer Comunidades y Econom\u00edas:<\/strong> Cuando las personas logran seguridad financiera, los beneficios se extienden m\u00e1s all\u00e1 de s\u00ed mismas. Las personas financieramente estables contribuyen a familias m\u00e1s fuertes, comunidades resilientes y una econom\u00eda nacional m\u00e1s robusta.<\/p><p><strong>Empoderar a Trav\u00e9s del Conocimiento<\/strong><\/p><p>En \u00faltima instancia, la alfabetizaci\u00f3n financiera pone el control en manos de las personas. Alivia la ansiedad, aumenta la confianza y fomenta la independencia, permitiendo que las personas definan su propio destino financiero.<\/p><p>Para m\u00e1s informaci\u00f3n, no dudes en contactarnos sin ning\u00fan compromiso.<\/p>\t\t\t\t\t\t\t\t<\/div>\n\t\t\t\t<\/div>\n\t\t\t\t<\/div>\n\t\t\t\t\t<\/div>\n\t\t\t\t<\/div>\n\t\t<div class=\"elementor-element elementor-element-84ca236 e-grid e-con-boxed e-con e-parent\" data-id=\"84ca236\" data-element_type=\"container\" data-e-type=\"container\">\n\t\t\t\t\t<div class=\"e-con-inner\">\n\t\t<div class=\"elementor-element elementor-element-e08b1f3 e-grid e-con-full e-con e-child\" data-id=\"e08b1f3\" data-element_type=\"container\" data-e-type=\"container\">\n\t\t\t\t<div class=\"elementor-element elementor-element-2acab36 elementor-button-info elementor-widget elementor-widget-button\" data-id=\"2acab36\" data-element_type=\"widget\" data-e-type=\"widget\" data-widget_type=\"button.default\">\n\t\t\t\t\t\t\t\t\t\t<a class=\"elementor-button elementor-button-link elementor-size-sm\" href=\"\/es\/home-es\/\">\n\t\t\t\t\t\t<span class=\"elementor-button-content-wrapper\">\n\t\t\t\t\t\t<span class=\"elementor-button-icon\">\n\t\t\t\t<svg aria-hidden=\"true\" class=\"e-font-icon-svg e-fas-arrow-left\" viewbox=\"0 0 448 512\" xmlns=\"http:\/\/www.w3.org\/2000\/svg\"><path d=\"M257.5 445.1l-22.2 22.2c-9.4 9.4-24.6 9.4-33.9 0L7 273c-9.4-9.4-9.4-24.6 0-33.9L201.4 44.7c9.4-9.4 24.6-9.4 33.9 0l22.2 22.2c9.5 9.5 9.3 25-.4 34.3L136.6 216H424c13.3 0 24 10.7 24 24v32c0 13.3-10.7 24-24 24H136.6l120.5 114.8c9.8 9.3 10 24.8.4 34.3z\"><\/path><\/svg>\t\t\t<\/span>\n\t\t\t\t\t\t\t\t\t<span class=\"elementor-button-text\">Regresar al Home<\/span>\n\t\t\t\t\t<\/span>\n\t\t\t\t\t<\/a>\n\t\t\t\t\t\t\t\t<\/div>\n\t\t\t\t<\/div>\n\t\t\t\t\t<\/div>\n\t\t\t\t<\/div>\n\t\t\t\t<\/div>\n\t\t\n    <div class=\"xs_social_share_widget xs_share_url after_content \t\tmain_content  wslu-style-1 wslu-share-box-shaped wslu-fill-colored wslu-none wslu-share-horizontal wslu-theme-font-no wslu-main_content\">\n\n\t\t\n        <ul>\n\t\t\t        <\/ul>\n    <\/div>","protected":false},"excerpt":{"rendered":"<p>Acerca de Bright Horizon Insurance \u2013 BHI En Bright Horizon Insurance, empoderamos a las personas mediante una orientaci\u00f3n clara y educaci\u00f3n financiera en ingl\u00e9s y espa\u00f1ol. Simplificamos las decisiones sobre seguros de vida y salud con integridad, sensibilidad cultural y un servicio personalizado, ayudando a nuestros clientes a proteger lo que m\u00e1s importa y a &#8230; <a title=\"Sobre BHI-ES\" class=\"read-more\" href=\"https:\/\/bhiinsurance.com\/es\/about-2\/\" aria-label=\"Leer m\u00e1s sobre Sobre BHI-ES\">Leer m\u00e1s<\/a><\/p>","protected":false},"author":1,"featured_media":0,"parent":0,"menu_order":0,"comment_status":"closed","ping_status":"closed","template":"","meta":{"footnotes":""},"class_list":["post-711","page","type-page","status-publish"],"_hostinger_reach_plugin_has_subscription_block":false,"_hostinger_reach_plugin_is_elementor":false,"_links":{"self":[{"href":"https:\/\/bhiinsurance.com\/es\/wp-json\/wp\/v2\/pages\/711","targetHints":{"allow":["GET"]}}],"collection":[{"href":"https:\/\/bhiinsurance.com\/es\/wp-json\/wp\/v2\/pages"}],"about":[{"href":"https:\/\/bhiinsurance.com\/es\/wp-json\/wp\/v2\/types\/page"}],"author":[{"embeddable":true,"href":"https:\/\/bhiinsurance.com\/es\/wp-json\/wp\/v2\/users\/1"}],"replies":[{"embeddable":true,"href":"https:\/\/bhiinsurance.com\/es\/wp-json\/wp\/v2\/comments?post=711"}],"version-history":[{"count":10,"href":"https:\/\/bhiinsurance.com\/es\/wp-json\/wp\/v2\/pages\/711\/revisions"}],"predecessor-version":[{"id":1363,"href":"https:\/\/bhiinsurance.com\/es\/wp-json\/wp\/v2\/pages\/711\/revisions\/1363"}],"wp:attachment":[{"href":"https:\/\/bhiinsurance.com\/es\/wp-json\/wp\/v2\/media?parent=711"}],"curies":[{"name":"wp","href":"https:\/\/api.w.org\/{rel}","templated":true}]}}