{"id":713,"date":"2025-12-16T21:48:53","date_gmt":"2025-12-16T21:48:53","guid":{"rendered":"https:\/\/bhiinsurance.com\/?page_id=713"},"modified":"2026-02-16T21:11:32","modified_gmt":"2026-02-16T21:11:32","slug":"services-2","status":"publish","type":"page","link":"https:\/\/bhiinsurance.com\/es\/services-2\/","title":{"rendered":"Services-ES"},"content":{"rendered":"<div data-elementor-type=\"wp-page\" data-elementor-id=\"713\" class=\"elementor elementor-713\" data-elementor-post-type=\"page\">\n\t\t\t\t<div class=\"elementor-element elementor-element-9d262f4 hostinger-ai-our-services-4 e-flex e-con-boxed e-con e-parent\" data-id=\"9d262f4\" data-element_type=\"container\" data-e-type=\"container\">\n\t\t\t\t\t<div class=\"e-con-inner\">\n\t\t<div class=\"elementor-element elementor-element-8c6864d e-grid e-con-full e-con e-child\" data-id=\"8c6864d\" data-element_type=\"container\" data-e-type=\"container\">\n\t\t\t\t<div class=\"elementor-element elementor-element-48cb22a hostinger-ai-service-title elementor-widget elementor-widget-heading\" data-id=\"48cb22a\" data-element_type=\"widget\" data-e-type=\"widget\" data-widget_type=\"heading.default\">\n\t\t\t\t\t<h2 class=\"elementor-heading-title elementor-size-default\">Servicios<\/h2>\t\t\t\t<\/div>\n\t\t\t\t<div class=\"elementor-element elementor-element-0b53cc9 hostinger-ai-service-description elementor-widget elementor-widget-heading\" data-id=\"0b53cc9\" data-element_type=\"widget\" data-e-type=\"widget\" data-widget_type=\"heading.default\">\n\t\t\t\t\t<p class=\"elementor-heading-title elementor-size-default\">Planes de seguros y jubilaci\u00f3n hechos a tu medida<\/p>\t\t\t\t<\/div>\n\t\t\t\t<\/div>\n\t\t<div class=\"elementor-element elementor-element-3da2cf7 e-con-full e-flex e-con e-child\" data-id=\"3da2cf7\" data-element_type=\"container\" data-e-type=\"container\">\n\t\t\t\t<div class=\"elementor-element elementor-element-275ddfc elementor-widget elementor-widget-text-editor\" data-id=\"275ddfc\" data-element_type=\"widget\" data-e-type=\"widget\" data-widget_type=\"text-editor.default\">\n\t\t\t\t\t\t\t\t\t<p>En <strong>Bright Horizon Insurance (BHI)<\/strong>, le ayudamos a encontrar la cobertura adecuada y asequible que se ajuste a su vida y sus metas. Estamos aqu\u00ed para hacer que los seguros y la planificaci\u00f3n de retiro sean simples y claros, para que usted se sienta seguro acerca de su futuro.<\/p><p>Nuestro equipo escucha lo que m\u00e1s le importa y trabaja junto a usted para construir un plan en el que pueda confiar. Con BHI, recibe asesor\u00eda honesta y apoyo en cada paso del camino.<\/p>\t\t\t\t\t\t\t\t<\/div>\n\t\t\t\t<\/div>\n\t\t\t\t\t<\/div>\n\t\t\t\t<\/div>\n\t\t<div class=\"elementor-element elementor-element-4ef2f1e e-flex e-con-boxed e-con e-parent\" data-id=\"4ef2f1e\" data-element_type=\"container\" data-e-type=\"container\">\n\t\t\t\t\t<div class=\"e-con-inner\">\n\t\t<div class=\"elementor-element elementor-element-7cb02d3 e-grid e-con-full e-con e-child\" data-id=\"7cb02d3\" data-element_type=\"container\" data-e-type=\"container\">\n\t\t\t\t<div class=\"elementor-element elementor-element-7b2d1c9 elementor-widget elementor-widget-menu-anchor\" data-id=\"7b2d1c9\" data-element_type=\"widget\" data-e-type=\"widget\" data-widget_type=\"menu-anchor.default\">\n\t\t\t\t\t\t\t<div class=\"elementor-menu-anchor\" id=\"health\"><\/div>\n\t\t\t\t\t\t<\/div>\n\t\t\t\t<\/div>\n\t\t<div class=\"elementor-element elementor-element-eef7939 e-con-full e-grid e-con e-child\" data-id=\"eef7939\" data-element_type=\"container\" data-e-type=\"container\">\n\t\t<div class=\"elementor-element elementor-element-798d898 e-con-full e-flex e-con e-child\" data-id=\"798d898\" data-element_type=\"container\" data-e-type=\"container\">\n\t\t\t\t<div class=\"elementor-element elementor-element-0705e13 hostinger-ai-project-title elementor-widget elementor-widget-heading\" data-id=\"0705e13\" data-element_type=\"widget\" data-e-type=\"widget\" data-widget_type=\"heading.default\">\n\t\t\t\t\t<h2 class=\"elementor-heading-title elementor-size-default\">Seguro de Salud <\/h2>\t\t\t\t<\/div>\n\t\t\t\t<div class=\"elementor-element elementor-element-fff6b10 hostinger-ai-project-description elementor-widget elementor-widget-text-editor\" data-id=\"fff6b10\" data-element_type=\"widget\" data-e-type=\"widget\" data-widget_type=\"text-editor.default\">\n\t\t\t\t\t\t\t\t\t<p>Asistencia profesional para identificar y elegir planes de seguro de salud adaptados a sus necesidades espec\u00edficas y consideraciones financieras.<\/p><p>Sabemos que entender tu cobertura puede ser complicado, por eso simplificamos el proceso explicando cada plan de manera clara y ayud\u00e1ndote a encontrar la opci\u00f3n que mejor se ajuste a tus necesidades m\u00e9dicas y a tu presupuesto. Nuestro objetivo es garantizar que tengas acceso al respaldo en salud que necesitas, sin confusi\u00f3n ni costos innecesarios.<\/p>\t\t\t\t\t\t\t\t<\/div>\n\t\t\t\t<\/div>\n\t\t<div class=\"elementor-element elementor-element-5bb715f e-con-full project-item-content project-item-content e-flex e-con e-child\" data-id=\"5bb715f\" data-element_type=\"container\" data-e-type=\"container\">\n\t\t\t\t<div class=\"elementor-element elementor-element-e5a900a hostinger-ai-project-image hostinger-index-3 elementor-widget elementor-widget-image\" data-id=\"e5a900a\" data-element_type=\"widget\" data-e-type=\"widget\" data-widget_type=\"image.default\">\n\t\t\t\t\t\t\t\t\t\t\t\t\t\t\t<img fetchpriority=\"high\" decoding=\"async\" width=\"2560\" height=\"1707\" src=\"https:\/\/bhiinsurance.com\/wp-content\/uploads\/2025\/11\/dulce-medico-asiatico-revisando-al-paciente-scaled.jpg\" class=\"attachment-full size-full wp-image-155\" alt=\"\" srcset=\"https:\/\/bhiinsurance.com\/wp-content\/uploads\/2025\/11\/dulce-medico-asiatico-revisando-al-paciente-scaled.jpg 2560w, https:\/\/bhiinsurance.com\/wp-content\/uploads\/2025\/11\/dulce-medico-asiatico-revisando-al-paciente-300x200.jpg 300w, https:\/\/bhiinsurance.com\/wp-content\/uploads\/2025\/11\/dulce-medico-asiatico-revisando-al-paciente-1024x683.jpg 1024w, https:\/\/bhiinsurance.com\/wp-content\/uploads\/2025\/11\/dulce-medico-asiatico-revisando-al-paciente-768x512.jpg 768w, https:\/\/bhiinsurance.com\/wp-content\/uploads\/2025\/11\/dulce-medico-asiatico-revisando-al-paciente-1536x1024.jpg 1536w, https:\/\/bhiinsurance.com\/wp-content\/uploads\/2025\/11\/dulce-medico-asiatico-revisando-al-paciente-2048x1365.jpg 2048w, https:\/\/bhiinsurance.com\/wp-content\/uploads\/2025\/11\/dulce-medico-asiatico-revisando-al-paciente-18x12.jpg 18w\" sizes=\"(max-width: 2560px) 100vw, 2560px\" \/>\t\t\t\t\t\t\t\t\t\t\t\t\t\t\t<\/div>\n\t\t\t\t<\/div>\n\t\t\t\t<\/div>\n\t\t<div class=\"elementor-element elementor-element-60d84c5 e-grid e-con-full e-con e-child\" data-id=\"60d84c5\" data-element_type=\"container\" data-e-type=\"container\">\n\t\t\t\t<div class=\"elementor-element elementor-element-837808f elementor-widget elementor-widget-menu-anchor\" data-id=\"837808f\" data-element_type=\"widget\" data-e-type=\"widget\" data-widget_type=\"menu-anchor.default\">\n\t\t\t\t\t\t\t<div class=\"elementor-menu-anchor\" id=\"family\"><\/div>\n\t\t\t\t\t\t<\/div>\n\t\t\t\t<\/div>\n\t\t<div class=\"elementor-element elementor-element-fe56660 e-con-full e-grid e-con e-child\" data-id=\"fe56660\" data-element_type=\"container\" data-e-type=\"container\">\n\t\t<div class=\"elementor-element elementor-element-bad6f72 e-con-full e-flex e-con e-child\" data-id=\"bad6f72\" data-element_type=\"container\" data-e-type=\"container\">\n\t\t\t\t<div class=\"elementor-element elementor-element-a5807fd hostinger-ai-project-title hostinger-index-1 elementor-widget elementor-widget-heading\" data-id=\"a5807fd\" data-element_type=\"widget\" data-e-type=\"widget\" data-widget_type=\"heading.default\">\n\t\t\t\t\t<h2 class=\"elementor-heading-title elementor-size-default\">Protecci\u00f3n Familiar <\/h2>\t\t\t\t<\/div>\n\t\t\t\t<div class=\"elementor-element elementor-element-f4a957d hostinger-ai-project-description hostinger-index-1 elementor-widget elementor-widget-text-editor\" data-id=\"f4a957d\" data-element_type=\"widget\" data-e-type=\"widget\" data-widget_type=\"text-editor.default\">\n\t\t\t\t\t\t\t\t\t<p>Proteger a tu familia significa asegurar el acceso a planes de salud confiables y asequibles.<br \/><br \/>Opciones de cobertura integral para proteger a sus seres queridos de eventos inesperados, asegurando la estabilidad financiera del futuro de su familia. Brindamos orientaci\u00f3n sobre seguros de vida, cobertura por discapacidad y m\u00e1s, ayud\u00e1ndole a proteger lo que m\u00e1s importa.<\/p>\t\t\t\t\t\t\t\t<\/div>\n\t\t\t\t<\/div>\n\t\t<div class=\"elementor-element elementor-element-d880cfb e-con-full project-item-content project-item-content e-flex e-con e-child\" data-id=\"d880cfb\" data-element_type=\"container\" data-e-type=\"container\">\n\t\t\t\t<div class=\"elementor-element elementor-element-f4fe49a hostinger-ai-project-image hostinger-index-4 elementor-widget elementor-widget-image\" data-id=\"f4fe49a\" data-element_type=\"widget\" data-e-type=\"widget\" data-widget_type=\"image.default\">\n\t\t\t\t\t\t\t\t\t\t\t\t\t\t\t<img decoding=\"async\" width=\"2560\" height=\"1262\" src=\"https:\/\/bhiinsurance.com\/wp-content\/uploads\/2025\/11\/elegante-familia-caminando-en-un-campo-soleado-scaled.jpg\" class=\"attachment-full size-full wp-image-169\" alt=\"\" srcset=\"https:\/\/bhiinsurance.com\/wp-content\/uploads\/2025\/11\/elegante-familia-caminando-en-un-campo-soleado-scaled.jpg 2560w, https:\/\/bhiinsurance.com\/wp-content\/uploads\/2025\/11\/elegante-familia-caminando-en-un-campo-soleado-300x148.jpg 300w, https:\/\/bhiinsurance.com\/wp-content\/uploads\/2025\/11\/elegante-familia-caminando-en-un-campo-soleado-1024x505.jpg 1024w, https:\/\/bhiinsurance.com\/wp-content\/uploads\/2025\/11\/elegante-familia-caminando-en-un-campo-soleado-768x379.jpg 768w, https:\/\/bhiinsurance.com\/wp-content\/uploads\/2025\/11\/elegante-familia-caminando-en-un-campo-soleado-1536x757.jpg 1536w, https:\/\/bhiinsurance.com\/wp-content\/uploads\/2025\/11\/elegante-familia-caminando-en-un-campo-soleado-2048x1010.jpg 2048w, https:\/\/bhiinsurance.com\/wp-content\/uploads\/2025\/11\/elegante-familia-caminando-en-un-campo-soleado-18x9.jpg 18w\" sizes=\"(max-width: 2560px) 100vw, 2560px\" \/>\t\t\t\t\t\t\t\t\t\t\t\t\t\t\t<\/div>\n\t\t\t\t<\/div>\n\t\t\t\t<\/div>\n\t\t<div class=\"elementor-element elementor-element-78608c0 e-grid e-con-full e-con e-child\" data-id=\"78608c0\" data-element_type=\"container\" data-e-type=\"container\">\n\t\t\t\t<div class=\"elementor-element elementor-element-5eb941c elementor-widget elementor-widget-menu-anchor\" data-id=\"5eb941c\" data-element_type=\"widget\" data-e-type=\"widget\" data-widget_type=\"menu-anchor.default\">\n\t\t\t\t\t\t\t<div class=\"elementor-menu-anchor\" id=\"retirement\"><\/div>\n\t\t\t\t\t\t<\/div>\n\t\t\t\t<\/div>\n\t\t<div class=\"elementor-element elementor-element-3de336d e-con-full e-grid e-con e-child\" data-id=\"3de336d\" data-element_type=\"container\" data-e-type=\"container\">\n\t\t<div class=\"elementor-element elementor-element-ec4e441 e-con-full e-flex e-con e-child\" data-id=\"ec4e441\" data-element_type=\"container\" data-e-type=\"container\">\n\t\t\t\t<div class=\"elementor-element elementor-element-7b20efd hostinger-ai-project-title hostinger-index-2 elementor-widget elementor-widget-heading\" data-id=\"7b20efd\" data-element_type=\"widget\" data-e-type=\"widget\" data-widget_type=\"heading.default\">\n\t\t\t\t\t<h2 class=\"elementor-heading-title elementor-size-default\">Planificaci\u00f3n de Retiro <\/h2>\t\t\t\t<\/div>\n\t\t\t\t<div class=\"elementor-element elementor-element-1e001f1 hostinger-ai-project-description hostinger-index-2 elementor-widget elementor-widget-text-editor\" data-id=\"1e001f1\" data-element_type=\"widget\" data-e-type=\"widget\" data-widget_type=\"text-editor.default\">\n\t\t\t\t\t\t\t\t\t<p>Comience a planificar su retiro desde temprano. Le ayudamos a crear estrategias para alcanzar sus metas, aumentar sus ahorros, maximizar ventajas fiscales, proteger sus ingresos y garantizar seguridad financiera en la jubilaci\u00f3n.<\/p>\t\t\t\t\t\t\t\t<\/div>\n\t\t\t\t<\/div>\n\t\t<div class=\"elementor-element elementor-element-9b476ca e-con-full project-item-content project-item-content e-flex e-con e-child\" data-id=\"9b476ca\" data-element_type=\"container\" data-e-type=\"container\">\n\t\t\t\t<div class=\"elementor-element elementor-element-7b79f9b hostinger-ai-project-image hostinger-index-5 elementor-widget elementor-widget-image\" data-id=\"7b79f9b\" data-element_type=\"widget\" data-e-type=\"widget\" data-widget_type=\"image.default\">\n\t\t\t\t\t\t\t\t\t\t\t\t\t\t\t<img decoding=\"async\" width=\"2560\" height=\"1707\" src=\"https:\/\/bhiinsurance.com\/wp-content\/uploads\/2025\/11\/feliz-pareja-de-ancianos-comunicandose-con-un-medico-sobre-su-seguro-de-salud-mientras-revisan-el-papeleo-scaled.jpg\" class=\"attachment-full size-full wp-image-152\" alt=\"\" srcset=\"https:\/\/bhiinsurance.com\/wp-content\/uploads\/2025\/11\/feliz-pareja-de-ancianos-comunicandose-con-un-medico-sobre-su-seguro-de-salud-mientras-revisan-el-papeleo-scaled.jpg 2560w, https:\/\/bhiinsurance.com\/wp-content\/uploads\/2025\/11\/feliz-pareja-de-ancianos-comunicandose-con-un-medico-sobre-su-seguro-de-salud-mientras-revisan-el-papeleo-300x200.jpg 300w, https:\/\/bhiinsurance.com\/wp-content\/uploads\/2025\/11\/feliz-pareja-de-ancianos-comunicandose-con-un-medico-sobre-su-seguro-de-salud-mientras-revisan-el-papeleo-1024x683.jpg 1024w, https:\/\/bhiinsurance.com\/wp-content\/uploads\/2025\/11\/feliz-pareja-de-ancianos-comunicandose-con-un-medico-sobre-su-seguro-de-salud-mientras-revisan-el-papeleo-768x512.jpg 768w, https:\/\/bhiinsurance.com\/wp-content\/uploads\/2025\/11\/feliz-pareja-de-ancianos-comunicandose-con-un-medico-sobre-su-seguro-de-salud-mientras-revisan-el-papeleo-1536x1024.jpg 1536w, https:\/\/bhiinsurance.com\/wp-content\/uploads\/2025\/11\/feliz-pareja-de-ancianos-comunicandose-con-un-medico-sobre-su-seguro-de-salud-mientras-revisan-el-papeleo-2048x1365.jpg 2048w, https:\/\/bhiinsurance.com\/wp-content\/uploads\/2025\/11\/feliz-pareja-de-ancianos-comunicandose-con-un-medico-sobre-su-seguro-de-salud-mientras-revisan-el-papeleo-18x12.jpg 18w\" sizes=\"(max-width: 2560px) 100vw, 2560px\" \/>\t\t\t\t\t\t\t\t\t\t\t\t\t\t\t<\/div>\n\t\t\t\t<\/div>\n\t\t\t\t<\/div>\n\t\t<div class=\"elementor-element elementor-element-48b079c e-grid e-con-full e-con e-child\" data-id=\"48b079c\" data-element_type=\"container\" data-e-type=\"container\">\n\t\t\t\t<div class=\"elementor-element elementor-element-54a1ead elementor-widget elementor-widget-menu-anchor\" data-id=\"54a1ead\" data-element_type=\"widget\" data-e-type=\"widget\" data-widget_type=\"menu-anchor.default\">\n\t\t\t\t\t\t\t<div class=\"elementor-menu-anchor\" id=\"stock\"><\/div>\n\t\t\t\t\t\t<\/div>\n\t\t\t\t<\/div>\n\t\t<div class=\"elementor-element elementor-element-78d7a6c e-con-full e-grid e-con e-child\" data-id=\"78d7a6c\" data-element_type=\"container\" data-e-type=\"container\">\n\t\t<div class=\"elementor-element elementor-element-a5707ef e-con-full e-flex e-con e-child\" data-id=\"a5707ef\" data-element_type=\"container\" data-e-type=\"container\">\n\t\t\t\t<div class=\"elementor-element elementor-element-02da3fb hostinger-ai-project-title hostinger-index-2 elementor-widget elementor-widget-heading\" data-id=\"02da3fb\" data-element_type=\"widget\" data-e-type=\"widget\" data-widget_type=\"heading.default\">\n\t\t\t\t\t<h2 class=\"elementor-heading-title elementor-size-default\">Educaci\u00f3n sobre el Mercado de Valores<\/h2>\t\t\t\t<\/div>\n\t\t\t\t<div class=\"elementor-element elementor-element-2b12e31 hostinger-ai-project-description hostinger-index-2 elementor-widget elementor-widget-text-editor\" data-id=\"2b12e31\" data-element_type=\"widget\" data-e-type=\"widget\" data-widget_type=\"text-editor.default\">\n\t\t\t\t\t\t\t\t\t<p>Si est\u00e1 interesado en obtener una comprensi\u00f3n m\u00e1s profunda de c\u00f3mo funciona el mercado de valores y aspira a convertirse en un inversor independiente, podemos ofrecerle orientaci\u00f3n para ayudarle a aclarar estos conceptos complejos pero fascinantes. Nuestro equipo est\u00e1 preparado para ayudarle a aprender estrategias de inversi\u00f3n efectivas que involucren acciones, opciones y otros instrumentos financieros.<\/p>\t\t\t\t\t\t\t\t<\/div>\n\t\t\t\t<\/div>\n\t\t<div class=\"elementor-element elementor-element-60757e9 e-con-full project-item-content project-item-content e-flex e-con e-child\" data-id=\"60757e9\" data-element_type=\"container\" data-e-type=\"container\">\n\t\t\t\t<div class=\"elementor-element elementor-element-272b58d hostinger-ai-project-image hostinger-index-5 elementor-widget elementor-widget-image\" data-id=\"272b58d\" data-element_type=\"widget\" data-e-type=\"widget\" data-widget_type=\"image.default\">\n\t\t\t\t\t\t\t\t\t\t\t\t\t\t\t<img loading=\"lazy\" decoding=\"async\" width=\"2560\" height=\"1709\" src=\"https:\/\/bhiinsurance.com\/wp-content\/uploads\/2025\/12\/creativos-de-trabajo-en-equipo-scaled.jpg\" class=\"attachment-full size-full wp-image-595\" alt=\"\" srcset=\"https:\/\/bhiinsurance.com\/wp-content\/uploads\/2025\/12\/creativos-de-trabajo-en-equipo-scaled.jpg 2560w, https:\/\/bhiinsurance.com\/wp-content\/uploads\/2025\/12\/creativos-de-trabajo-en-equipo-300x200.jpg 300w, https:\/\/bhiinsurance.com\/wp-content\/uploads\/2025\/12\/creativos-de-trabajo-en-equipo-1024x684.jpg 1024w, https:\/\/bhiinsurance.com\/wp-content\/uploads\/2025\/12\/creativos-de-trabajo-en-equipo-768x513.jpg 768w, https:\/\/bhiinsurance.com\/wp-content\/uploads\/2025\/12\/creativos-de-trabajo-en-equipo-1536x1026.jpg 1536w, https:\/\/bhiinsurance.com\/wp-content\/uploads\/2025\/12\/creativos-de-trabajo-en-equipo-2048x1367.jpg 2048w, https:\/\/bhiinsurance.com\/wp-content\/uploads\/2025\/12\/creativos-de-trabajo-en-equipo-18x12.jpg 18w\" sizes=\"(max-width: 2560px) 100vw, 2560px\" \/>\t\t\t\t\t\t\t\t\t\t\t\t\t\t\t<\/div>\n\t\t\t\t<\/div>\n\t\t\t\t<\/div>\n\t\t\t\t\t<\/div>\n\t\t\t\t<\/div>\n\t\t<div class=\"elementor-element elementor-element-425a1bf e-flex e-con-boxed e-con e-parent\" data-id=\"425a1bf\" data-element_type=\"container\" data-e-type=\"container\" data-settings=\"{&quot;background_background&quot;:&quot;classic&quot;}\">\n\t\t\t\t\t<div class=\"e-con-inner\">\n\t\t<div class=\"elementor-element elementor-element-8eb3a11 e-con-full e-flex e-con e-child\" data-id=\"8eb3a11\" data-element_type=\"container\" data-e-type=\"container\">\n\t\t\t\t<div class=\"elementor-element elementor-element-2516ff0 hostinger-ai-title elementor-widget elementor-widget-heading\" data-id=\"2516ff0\" data-element_type=\"widget\" data-e-type=\"widget\" data-widget_type=\"heading.default\">\n\t\t\t\t\t<h2 class=\"elementor-heading-title elementor-size-default\">Asegura tu futuro hoy<\/h2>\t\t\t\t<\/div>\n\t\t\t\t<div class=\"elementor-element elementor-element-bb2189c elementor-widget__width-initial hostinger-ai-description elementor-widget elementor-widget-text-editor\" data-id=\"bb2189c\" data-element_type=\"widget\" data-e-type=\"widget\" data-widget_type=\"text-editor.default\">\n\t\t\t\t\t\t\t\t\t<p>Protege tu futuro con un plan que realmente entiende tus necesidades.<\/p>\t\t\t\t\t\t\t\t<\/div>\n\t\t\t\t<div class=\"elementor-element elementor-element-c0f4a8e hostinger-ai-cta-button hostinger-index-0 elementor-widget elementor-widget-button\" data-id=\"c0f4a8e\" data-element_type=\"widget\" data-e-type=\"widget\" data-widget_type=\"button.default\">\n\t\t\t\t\t\t\t\t\t\t<a class=\"elementor-button elementor-button-link elementor-size-sm\" href=\"https:\/\/bhiinsurance.com\/es\/home\/\">\n\t\t\t\t\t\t<span class=\"elementor-button-content-wrapper\">\n\t\t\t\t\t\t\t\t\t<span class=\"elementor-button-text\">Contactanos<\/span>\n\t\t\t\t\t<\/span>\n\t\t\t\t\t<\/a>\n\t\t\t\t\t\t\t\t<\/div>\n\t\t\t\t<\/div>\n\t\t\t\t\t<\/div>\n\t\t\t\t<\/div>\n\t\t<div class=\"elementor-element elementor-element-ee7ddc9 e-grid e-con-boxed e-con e-parent\" data-id=\"ee7ddc9\" data-element_type=\"container\" data-e-type=\"container\">\n\t\t\t\t\t<div class=\"e-con-inner\">\n\t\t<div class=\"elementor-element elementor-element-8a40f72 e-grid e-con-full e-con e-child\" data-id=\"8a40f72\" data-element_type=\"container\" data-e-type=\"container\">\n\t\t\t\t<div class=\"elementor-element elementor-element-eaea9d7 elementor-button-info elementor-widget elementor-widget-button\" data-id=\"eaea9d7\" data-element_type=\"widget\" data-e-type=\"widget\" data-widget_type=\"button.default\">\n\t\t\t\t\t\t\t\t\t\t<a class=\"elementor-button elementor-button-link elementor-size-sm\" href=\"\/es\/home-es\/\">\n\t\t\t\t\t\t<span class=\"elementor-button-content-wrapper\">\n\t\t\t\t\t\t<span class=\"elementor-button-icon\">\n\t\t\t\t<svg aria-hidden=\"true\" class=\"e-font-icon-svg e-fas-arrow-left\" viewbox=\"0 0 448 512\" xmlns=\"http:\/\/www.w3.org\/2000\/svg\"><path d=\"M257.5 445.1l-22.2 22.2c-9.4 9.4-24.6 9.4-33.9 0L7 273c-9.4-9.4-9.4-24.6 0-33.9L201.4 44.7c9.4-9.4 24.6-9.4 33.9 0l22.2 22.2c9.5 9.5 9.3 25-.4 34.3L136.6 216H424c13.3 0 24 10.7 24 24v32c0 13.3-10.7 24-24 24H136.6l120.5 114.8c9.8 9.3 10 24.8.4 34.3z\"><\/path><\/svg>\t\t\t<\/span>\n\t\t\t\t\t\t\t\t\t<span class=\"elementor-button-text\">Regresar al Home<\/span>\n\t\t\t\t\t<\/span>\n\t\t\t\t\t<\/a>\n\t\t\t\t\t\t\t\t<\/div>\n\t\t\t\t<\/div>\n\t\t\t\t\t<\/div>\n\t\t\t\t<\/div>\n\t\t\t\t<\/div>\n\t\t\n    <div class=\"xs_social_share_widget xs_share_url after_content \t\tmain_content  wslu-style-1 wslu-share-box-shaped wslu-fill-colored wslu-none wslu-share-horizontal wslu-theme-font-no wslu-main_content\">\n\n\t\t\n        <ul>\n\t\t\t        <\/ul>\n    <\/div>","protected":false},"excerpt":{"rendered":"<p>Servicios Planes de seguros y jubilaci\u00f3n hechos a tu medida En Bright Horizon Insurance (BHI), le ayudamos a encontrar la cobertura adecuada y asequible que se ajuste a su vida y sus metas. Estamos aqu\u00ed para hacer que los seguros y la planificaci\u00f3n de retiro sean simples y claros, para que usted se sienta seguro &#8230; <a title=\"Services-ES\" class=\"read-more\" href=\"https:\/\/bhiinsurance.com\/es\/services-2\/\" aria-label=\"Leer m\u00e1s sobre Services-ES\">Leer m\u00e1s<\/a><\/p>","protected":false},"author":1,"featured_media":0,"parent":0,"menu_order":0,"comment_status":"closed","ping_status":"closed","template":"","meta":{"footnotes":""},"class_list":["post-713","page","type-page","status-publish"],"_hostinger_reach_plugin_has_subscription_block":false,"_hostinger_reach_plugin_is_elementor":false,"_links":{"self":[{"href":"https:\/\/bhiinsurance.com\/es\/wp-json\/wp\/v2\/pages\/713","targetHints":{"allow":["GET"]}}],"collection":[{"href":"https:\/\/bhiinsurance.com\/es\/wp-json\/wp\/v2\/pages"}],"about":[{"href":"https:\/\/bhiinsurance.com\/es\/wp-json\/wp\/v2\/types\/page"}],"author":[{"embeddable":true,"href":"https:\/\/bhiinsurance.com\/es\/wp-json\/wp\/v2\/users\/1"}],"replies":[{"embeddable":true,"href":"https:\/\/bhiinsurance.com\/es\/wp-json\/wp\/v2\/comments?post=713"}],"version-history":[{"count":25,"href":"https:\/\/bhiinsurance.com\/es\/wp-json\/wp\/v2\/pages\/713\/revisions"}],"predecessor-version":[{"id":1369,"href":"https:\/\/bhiinsurance.com\/es\/wp-json\/wp\/v2\/pages\/713\/revisions\/1369"}],"wp:attachment":[{"href":"https:\/\/bhiinsurance.com\/es\/wp-json\/wp\/v2\/media?parent=713"}],"curies":[{"name":"wp","href":"https:\/\/api.w.org\/{rel}","templated":true}]}}